{"id":3193,"date":"2025-10-21T10:45:16","date_gmt":"2025-10-21T15:45:16","guid":{"rendered":"https:\/\/chocofruts.co\/?post_type=product&#038;p=3193"},"modified":"2026-02-10T09:10:07","modified_gmt":"2026-02-10T14:10:07","slug":"cerveza-artesanal-de-chocolate","status":"publish","type":"product","link":"https:\/\/chocofruts.co\/us\/products\/cerveza-artesanal-de-chocolate\/","title":{"rendered":"Cerveza artesanal de Chocolate"},"content":{"rendered":"<p>Descubre la fusi\u00f3n perfecta entre tradici\u00f3n cervecera y el sabor profundo del chocolate colombiano. Nuestra cerveza artesanal de chocolate est\u00e1 elaborada con ingredientes naturales y cacao de alta calidad, ofreciendo un perfil sensorial envolvente, con notas tostadas, dulces y ligeramente amargas. Ideal para maridar con postres, carnes o disfrutar en momentos especiales. En Chocofruts, transformamos el chocolate en una experiencia l\u00edquida que despierta los sentidos.<\/p>","protected":false},"excerpt":{"rendered":"<p>Cerveza artesanal con aut\u00e9ntico chocolate colombiano. Sabor intenso, aroma irresistible. Solo en Chocofruts.<\/p>","protected":false},"featured_media":3194,"template":"","meta":{"_coblocks_attr":"","_coblocks_dimensions":"","_coblocks_responsive_height":"","_coblocks_accordion_ie_support":"","jetpack_publicize_message":"","jetpack_publicize_feature_enabled":true,"jetpack_social_post_already_shared":true,"jetpack_social_options":{"image_generator_settings":{"template":"highway","default_image_id":0,"font":"","enabled":false},"version":2}},"product_brand":[],"product_cat":[143],"product_tag":[144],"class_list":{"0":"post-3193","1":"product","2":"type-product","3":"status-publish","4":"has-post-thumbnail","6":"product_cat-licor","7":"product_tag-cerveza-artesanal","8":"sales-flash-overlay","9":"woocommerce-text-align-center","10":"woocommerce-image-align-center","11":"do-quantity-buttons","12":"wc-has-gallery","14":"first","15":"instock","16":"featured","17":"purchasable","18":"product-type-simple"},"aioseo_notices":[],"jetpack_publicize_connections":[],"jetpack_sharing_enabled":true,"_links":{"self":[{"href":"https:\/\/chocofruts.co\/us\/wp-json\/wp\/v2\/product\/3193","targetHints":{"allow":["GET"]}}],"collection":[{"href":"https:\/\/chocofruts.co\/us\/wp-json\/wp\/v2\/product"}],"about":[{"href":"https:\/\/chocofruts.co\/us\/wp-json\/wp\/v2\/types\/product"}],"wp:featuredmedia":[{"embeddable":true,"href":"https:\/\/chocofruts.co\/us\/wp-json\/wp\/v2\/media\/3194"}],"wp:attachment":[{"href":"https:\/\/chocofruts.co\/us\/wp-json\/wp\/v2\/media?parent=3193"}],"wp:term":[{"taxonomy":"product_brand","embeddable":true,"href":"https:\/\/chocofruts.co\/us\/wp-json\/wp\/v2\/product_brand?post=3193"},{"taxonomy":"product_cat","embeddable":true,"href":"https:\/\/chocofruts.co\/us\/wp-json\/wp\/v2\/product_cat?post=3193"},{"taxonomy":"product_tag","embeddable":true,"href":"https:\/\/chocofruts.co\/us\/wp-json\/wp\/v2\/product_tag?post=3193"}],"curies":[{"name":"wp","href":"https:\/\/api.w.org\/{rel}","templated":true}]}}