{"id":2543,"date":"2023-10-17T19:57:10","date_gmt":"2023-10-18T00:57:10","guid":{"rendered":"https:\/\/www.chocofruts.co\/?page_id=2543"},"modified":"2025-02-16T09:29:17","modified_gmt":"2025-02-16T14:29:17","slug":"pablito-pachocito","status":"publish","type":"page","link":"https:\/\/chocofruts.co\/us\/pablito-pachocito\/","title":{"rendered":"Pablito Pachoncito"},"content":{"rendered":"<p>In our quest to promote a healthy and balanced lifestyle, we've decided to adopt Pablito as our representative on a mission to demonstrate that chocolate can be part of a balanced diet.<\/p>\n\n\n\n<div class=\"wp-block-columns is-layout-flex wp-container-core-columns-is-layout-9d6595d7 wp-block-columns-is-layout-flex\">\n<div class=\"wp-block-column is-layout-flow wp-block-column-is-layout-flow\" style=\"flex-basis:66.66%\">\n<p>Pablito is an energetic and fun cocoa-loving character with a unique personality that makes him the perfect companion for enjoying the benefits of chocolate. Through his antics and adventures, Pablito teaches us that moderate chocolate consumption can be part of a balanced and healthy diet.<\/p>\n\n\n\n<p>But what makes Pablito so special? Besides being adorable, Pablito is an organic cocoa, grown sustainably and respectfully. Our beloved ambassador embodies the values we uphold: quality, responsibility, and well-being.<\/p>\n\n\n\n<p>With Pablito by our side, we want to demystify the idea that chocolate is just a guilty pleasure. Chocolate, in its proper form, can be a source of nutrients and health benefits. Of course, it's important to choose quality chocolate options, with high cocoa content and low levels of sugar and saturated fat.<\/p>\n<\/div>\n\n\n\n<div class=\"wp-block-column is-layout-flow wp-block-column-is-layout-flow\" style=\"flex-basis:33.33%\"><div class=\"wp-block-image\">\n<figure class=\"aligncenter size-full is-resized coblocks-animate has-lightbox\" data-coblocks-animation=\"clipHorizontal\"><img loading=\"lazy\" decoding=\"async\" width=\"505\" height=\"640\" src=\"https:\/\/www.chocofruts.co\/wp-content\/uploads\/2023\/09\/pablito.png\" alt=\"\" class=\"wp-image-1439\" style=\"aspect-ratio:0.7890625;width:249px;height:auto\" srcset=\"https:\/\/chocofruts.co\/wp-content\/uploads\/2023\/09\/pablito.png 505w, https:\/\/chocofruts.co\/wp-content\/uploads\/2023\/09\/pablito-300x380.png 300w, https:\/\/chocofruts.co\/wp-content\/uploads\/2023\/09\/pablito-237x300.png 237w, https:\/\/chocofruts.co\/wp-content\/uploads\/2023\/09\/pablito-9x12.png 9w\" sizes=\"auto, (max-width: 505px) 100vw, 505px\" \/><\/figure>\n<\/div><\/div>\n<\/div>\n\n\n\n<p>In addition to his role as an ambassador for healthy chocolate consumption, Pablito also helps us raise awareness about the importance of supporting cacao producers and promoting sustainable practices in the chocolate industry. Through social initiatives and projects, we work to ensure fair trade and improve the living conditions of cacao farmers.<\/p>\n\n\n\n<p>We invite you to follow Pablito's adventures on our social media and join our community of healthy chocolate lovers. Together, we can enjoy the pleasures of chocolate responsibly and contribute to a more sustainable and equitable world.<\/p>","protected":false},"excerpt":{"rendered":"<p>En nuestro af\u00e1n por promover un estilo de vida saludable y equilibrado, hemos decidido adoptar a Pablito como nuestro representante en la misi\u00f3n de demostrar que el chocolate puede formar parte de una alimentaci\u00f3n balanceada. Pablito es un cacao en\u00e9rgico y divertido, con una personalidad \u00fanica que lo hace el compa\u00f1ero perfecto para disfrutar de los beneficios del chocolate. A trav\u00e9s de sus travesuras y aventuras, Pablito nos ense\u00f1a que el consumo moderado de chocolate puede ser parte de una &#8230; <a title=\"Pablito Pachoncito\" class=\"read-more\" href=\"https:\/\/chocofruts.co\/us\/pablito-pachocito\/\" aria-label=\"Read more about Pablito Pachoncito\">Read more<\/a><\/p>","protected":false},"author":1,"featured_media":0,"parent":0,"menu_order":0,"comment_status":"closed","ping_status":"closed","template":"","meta":{"_coblocks_attr":"","_coblocks_dimensions":"","_coblocks_responsive_height":"","_coblocks_accordion_ie_support":"","footnotes":""},"class_list":["post-2543","page","type-page","status-publish"],"aioseo_notices":[],"jetpack_sharing_enabled":true,"_links":{"self":[{"href":"https:\/\/chocofruts.co\/us\/wp-json\/wp\/v2\/pages\/2543","targetHints":{"allow":["GET"]}}],"collection":[{"href":"https:\/\/chocofruts.co\/us\/wp-json\/wp\/v2\/pages"}],"about":[{"href":"https:\/\/chocofruts.co\/us\/wp-json\/wp\/v2\/types\/page"}],"author":[{"embeddable":true,"href":"https:\/\/chocofruts.co\/us\/wp-json\/wp\/v2\/users\/1"}],"replies":[{"embeddable":true,"href":"https:\/\/chocofruts.co\/us\/wp-json\/wp\/v2\/comments?post=2543"}],"version-history":[{"count":0,"href":"https:\/\/chocofruts.co\/us\/wp-json\/wp\/v2\/pages\/2543\/revisions"}],"wp:attachment":[{"href":"https:\/\/chocofruts.co\/us\/wp-json\/wp\/v2\/media?parent=2543"}],"curies":[{"name":"wp","href":"https:\/\/api.w.org\/{rel}","templated":true}]}}