{"id":223,"date":"2020-10-22T15:24:51","date_gmt":"2020-10-22T20:24:51","guid":{"rendered":"http:\/\/chocofruts.co\/?page_id=223"},"modified":"2023-06-02T18:11:14","modified_gmt":"2023-06-02T23:11:14","slug":"es-de-aqui","status":"publish","type":"page","link":"https:\/\/chocofruts.co\/us\/es-de-aqui\/","title":{"rendered":"It's from here!"},"content":{"rendered":"<div class=\"wp-block-image\">\n<figure class=\"aligncenter size-large coblocks-animate\" data-coblocks-animation=\"slideInLeft\"><img loading=\"lazy\" decoding=\"async\" width=\"1024\" height=\"325\" src=\"http:\/\/chocofruts.co\/wp-content\/uploads\/2022\/06\/esdeaqui_pag-1024x325.png\" alt=\"es de aqu\u00ed!\" class=\"wp-image-599\" srcset=\"https:\/\/chocofruts.co\/wp-content\/uploads\/2022\/06\/esdeaqui_pag-1024x325.png 1024w, https:\/\/chocofruts.co\/wp-content\/uploads\/2022\/06\/esdeaqui_pag-300x95.png 300w, https:\/\/chocofruts.co\/wp-content\/uploads\/2022\/06\/esdeaqui_pag-768x243.png 768w, https:\/\/chocofruts.co\/wp-content\/uploads\/2022\/06\/esdeaqui_pag-1536x487.png 1536w, https:\/\/chocofruts.co\/wp-content\/uploads\/2022\/06\/esdeaqui_pag-150x48.png 150w, https:\/\/chocofruts.co\/wp-content\/uploads\/2022\/06\/esdeaqui_pag.png 1997w\" sizes=\"auto, (max-width: 1024px) 100vw, 1024px\" \/><\/figure>\n<\/div>\n\n\n<hr class=\"wp-block-coblocks-dynamic-separator\" style=\"height:50px\"\/>\n\n\n\n<p class=\"has-text-align-justify\">Nace para resaltar la labor del campesino de nuestra regi\u00f3n, su esfuerzo y dedicaci\u00f3n para producir el mejor chocolate con los mejores Cacaos, aplicando buenas pr\u00e1cticas agr\u00edcolas y destacando la convivencia entre el campesino y la naturaleza basada en cultivos limpios aprovechando la enorme riqueza de nuestras tierras.<\/p>\n\n\n\n<p class=\"has-text-align-justify\">Con esta marca tambi\u00e9n queremos contar la historia de nuestros productores, la zona a la que pertenecen y esas caracter\u00edsticas que las hacen \u00fanicas por su ubicaci\u00f3n geogr\u00e1fica al contar con todos los pisos t\u00e9rmicos.<\/p>\n\n\n\n<div class=\"wp-block-group\"><div class=\"wp-block-group__inner-container is-layout-flow wp-block-group-is-layout-flow\">\n<div class=\"wp-block-jetpack-tiled-gallery aligncenter is-style-rectangular\"><div class=\"tiled-gallery__gallery\"><div class=\"tiled-gallery__row\"><div class=\"tiled-gallery__col\" style=\"flex-basis:100%\"><figure class=\"tiled-gallery__item\"><img decoding=\"async\" srcset=\"https:\/\/i2.wp.com\/chocofruts.co\/wp-content\/uploads\/2020\/10\/IMG_20200607_092457196.jpg?strip=info&#038;w=600 600w,https:\/\/i2.wp.com\/chocofruts.co\/wp-content\/uploads\/2020\/10\/IMG_20200607_092457196.jpg?strip=info&#038;w=900 900w,https:\/\/i2.wp.com\/chocofruts.co\/wp-content\/uploads\/2020\/10\/IMG_20200607_092457196.jpg?strip=info&#038;w=1187 1187w\" alt=\"\" data-height=\"435\" data-id=\"239\" data-link=\"http:\/\/chocofruts.co\/es-de-aqui\/img_20200607_092457196\/#main\" data-url=\"http:\/\/chocofruts.co\/wp-content\/uploads\/2020\/10\/IMG_20200607_092457196.jpg\" data-width=\"1187\" src=\"https:\/\/i2.wp.com\/chocofruts.co\/wp-content\/uploads\/2020\/10\/IMG_20200607_092457196.jpg\" data-amp-layout=\"responsive\"\/><\/figure><\/div><\/div><div class=\"tiled-gallery__row\"><div class=\"tiled-gallery__col\" style=\"flex-basis:44.90796112779971%\"><figure class=\"tiled-gallery__item\"><img decoding=\"async\" srcset=\"https:\/\/i1.wp.com\/chocofruts.co\/wp-content\/uploads\/2020\/10\/IMG_0915-scaled.jpg?strip=info&#038;w=600 600w,https:\/\/i1.wp.com\/chocofruts.co\/wp-content\/uploads\/2020\/10\/IMG_0915-scaled.jpg?strip=info&#038;w=900 900w,https:\/\/i1.wp.com\/chocofruts.co\/wp-content\/uploads\/2020\/10\/IMG_0915-scaled.jpg?strip=info&#038;w=1200 1200w,https:\/\/i1.wp.com\/chocofruts.co\/wp-content\/uploads\/2020\/10\/IMG_0915-scaled.jpg?strip=info&#038;w=1500 1500w,https:\/\/i1.wp.com\/chocofruts.co\/wp-content\/uploads\/2020\/10\/IMG_0915-scaled.jpg?strip=info&#038;w=1800 1800w,https:\/\/i1.wp.com\/chocofruts.co\/wp-content\/uploads\/2020\/10\/IMG_0915-scaled.jpg?strip=info&#038;w=2000 2000w\" alt=\"\" data-height=\"1440\" data-id=\"250\" data-link=\"http:\/\/chocofruts.co\/es-de-aqui\/img_0915\/#main\" data-url=\"http:\/\/chocofruts.co\/wp-content\/uploads\/2020\/10\/IMG_0915-scaled.jpg\" data-width=\"2560\" src=\"https:\/\/i1.wp.com\/chocofruts.co\/wp-content\/uploads\/2020\/10\/IMG_0915-scaled.jpg\" data-amp-layout=\"responsive\"\/><\/figure><\/div><div class=\"tiled-gallery__col\" style=\"flex-basis:55.0920388722003%\"><figure class=\"tiled-gallery__item\"><img decoding=\"async\" srcset=\"https:\/\/i1.wp.com\/chocofruts.co\/wp-content\/uploads\/2020\/10\/DSC00201-scaled.jpg?strip=info&#038;w=600 600w,https:\/\/i1.wp.com\/chocofruts.co\/wp-content\/uploads\/2020\/10\/DSC00201-scaled.jpg?strip=info&#038;w=900 900w,https:\/\/i1.wp.com\/chocofruts.co\/wp-content\/uploads\/2020\/10\/DSC00201-scaled.jpg?strip=info&#038;w=1200 1200w,https:\/\/i1.wp.com\/chocofruts.co\/wp-content\/uploads\/2020\/10\/DSC00201-scaled.jpg?strip=info&#038;w=1500 1500w,https:\/\/i1.wp.com\/chocofruts.co\/wp-content\/uploads\/2020\/10\/DSC00201-scaled.jpg?strip=info&#038;w=1800 1800w,https:\/\/i1.wp.com\/chocofruts.co\/wp-content\/uploads\/2020\/10\/DSC00201-scaled.jpg?strip=info&#038;w=2000 2000w\" alt=\"\" data-height=\"1173\" data-id=\"249\" data-link=\"http:\/\/chocofruts.co\/es-de-aqui\/dsc00201\/#main\" data-url=\"http:\/\/chocofruts.co\/wp-content\/uploads\/2020\/10\/DSC00201-scaled.jpg\" data-width=\"2560\" src=\"https:\/\/i1.wp.com\/chocofruts.co\/wp-content\/uploads\/2020\/10\/DSC00201-scaled.jpg\" data-amp-layout=\"responsive\"\/><\/figure><\/div><\/div><\/div><\/div>\n<\/div><\/div>\n\n\n<div class=\"wp-block-coblocks-post-carousel external\"><div class=\"coblocks-swiper swiper-container pb-8\" data-swiper=\"{&quot;slidesToScroll&quot;:1,&quot;arrow&quot;:true,&quot;slidesToShow&quot;:2,&quot;infinite&quot;:true,&quot;adaptiveHeight&quot;:false,&quot;draggable&quot;:true,&quot;rtl&quot;:false,&quot;responsive&quot;:[{&quot;breakpoint&quot;:1024,&quot;settings&quot;:{&quot;slidesToShow&quot;:3}},{&quot;breakpoint&quot;:600,&quot;settings&quot;:{&quot;slidesToShow&quot;:2}},{&quot;breakpoint&quot;:480,&quot;settings&quot;:{&quot;slidesToShow&quot;:1}}]}\"><div class=\"swiper-wrapper\" ><div class=\"wp-block-coblocks-post-carousel__item swiper-slide\"><div class=\"wp-block-coblocks-post-carousel__content\"><time datetime=\"2026-04-08T10:59:08-05:00\" class=\"wp-block-coblocks-post-carousel__date\">8 de April de 2026<\/time><a href=\"https:\/\/chocofruts.co\/us\/descubre-la-experiencia-mi-primera-barra-un-primer-contacto-con-el-chocolate-detras-del-chocolate\/\" alt=\"Descubre la Experiencia &#8220;Mi primera barra&#8221;: Un primer contacto con el chocolate. &#8220;Detras del Chocolate&#8221;\">Descubre la Experiencia &#8220;Mi primera barra&#8221;: Un primer contacto con el chocolate. &#8220;Detras del Chocolate&#8221;<\/a><div class=\"wp-block-coblocks-post-carousel__excerpt\">Descubre la Magia del Chocolate: De la Semilla a la Barra Vive &hellip; <\/div><\/div><\/div><div class=\"wp-block-coblocks-post-carousel__item swiper-slide\"><div class=\"wp-block-coblocks-post-carousel__content\"><time datetime=\"2025-10-02T09:56:28-05:00\" class=\"wp-block-coblocks-post-carousel__date\">2 de October de 2025<\/time><a href=\"https:\/\/chocofruts.co\/us\/viaje-al-corazon-del-chocolate-descubre-el-proceso-del-chocolate-artesanal-desde-la-finca-hasta-tu-paladar\/\" alt=\"Viaje al Coraz\u00f3n del Chocolate: Descubre el proceso del chocolate artesanal desde la finca hasta tu paladar\">Viaje al Coraz\u00f3n del Chocolate: Descubre el proceso del chocolate artesanal desde la finca hasta tu paladar<\/a><div class=\"wp-block-coblocks-post-carousel__excerpt\">Sum\u00e9rgete en una experiencia \u00fanica en una finca cacaotera de Antioquia. Aprende &hellip; <\/div><\/div><\/div><div class=\"wp-block-coblocks-post-carousel__item swiper-slide\"><div class=\"wp-block-coblocks-post-carousel__content\"><time datetime=\"2025-04-13T19:10:31-05:00\" class=\"wp-block-coblocks-post-carousel__date\">13 de April de 2025<\/time><a href=\"https:\/\/chocofruts.co\/us\/historia-de-nuestro-pueblo\/\" alt=\"Historia de nuestro pueblo\">Historia de nuestro pueblo<\/a><div class=\"wp-block-coblocks-post-carousel__excerpt\">La etnia Tahamies compart\u00eda lengua y cultura con la vecina Nutabe, aunque &hellip; <\/div><\/div><\/div><div class=\"wp-block-coblocks-post-carousel__item swiper-slide\"><div class=\"wp-block-coblocks-post-carousel__content\"><time datetime=\"2025-04-05T16:45:49-05:00\" class=\"wp-block-coblocks-post-carousel__date\">5 de April de 2025<\/time><a href=\"https:\/\/chocofruts.co\/us\/descubre-la-experiencia-detras-del-chocolate-un-viaje-a-la-magia-del-cacao-artesanalexperiencia-detras-del-chocolate\/\" alt=\"Descubre la Experiencia &#8220;Detr\u00e1s del Chocolate&#8221;: Un Viaje a la Magia del Cacao ArtesanalExperiencia &#8220;Detras del Chocolate&#8221;\">Descubre la Experiencia &#8220;Detr\u00e1s del Chocolate&#8221;: Un Viaje a la Magia del Cacao ArtesanalExperiencia &#8220;Detras del Chocolate&#8221;<\/a><div class=\"wp-block-coblocks-post-carousel__excerpt\">Descubre la Magia del Chocolate: De la Semilla a la Barra Vive &hellip; <\/div><\/div><\/div><\/div><\/div><button class=\"wp-coblocks-post-carousel-nav-button__prev\" id=\"wp-coblocks-post-carousel-swiper-prev\" style=\"visibility:hidden\" aria-label=\"Previous post\" \/><button class=\"wp-coblocks-post-carousel-nav-button__next\" id=\"wp-coblocks-post-carousel-swiper-next\" style=\"visibility:hidden\" aria-label=\"Next post\" \/><\/div>\n\n\n<p><\/p>\n","protected":false},"excerpt":{"rendered":"<p>Nace para resaltar la labor del campesino de nuestra regi\u00f3n, su esfuerzo y dedicaci\u00f3n para producir el mejor chocolate con los mejores Cacaos, aplicando buenas pr\u00e1cticas agr\u00edcolas y destacando la convivencia entre el campesino y la naturaleza basada en cultivos limpios aprovechando la enorme riqueza de nuestras tierras. Con esta marca tambi\u00e9n queremos contar la historia de nuestros productores, la zona a la que pertenecen y esas caracter\u00edsticas que las hacen \u00fanicas por su ubicaci\u00f3n geogr\u00e1fica al contar con todos &#8230; <a title=\"It&#039;s from here!\" class=\"read-more\" href=\"https:\/\/chocofruts.co\/us\/es-de-aqui\/\" aria-label=\"Read more about Es de aqu\u00ed!\">Read more<\/a><\/p>","protected":false},"author":1,"featured_media":0,"parent":0,"menu_order":0,"comment_status":"closed","ping_status":"closed","template":"","meta":{"_coblocks_attr":"","_coblocks_dimensions":"","_coblocks_responsive_height":"","_coblocks_accordion_ie_support":"","footnotes":""},"class_list":["post-223","page","type-page","status-publish"],"aioseo_notices":[],"jetpack_sharing_enabled":true,"_links":{"self":[{"href":"https:\/\/chocofruts.co\/us\/wp-json\/wp\/v2\/pages\/223","targetHints":{"allow":["GET"]}}],"collection":[{"href":"https:\/\/chocofruts.co\/us\/wp-json\/wp\/v2\/pages"}],"about":[{"href":"https:\/\/chocofruts.co\/us\/wp-json\/wp\/v2\/types\/page"}],"author":[{"embeddable":true,"href":"https:\/\/chocofruts.co\/us\/wp-json\/wp\/v2\/users\/1"}],"replies":[{"embeddable":true,"href":"https:\/\/chocofruts.co\/us\/wp-json\/wp\/v2\/comments?post=223"}],"version-history":[{"count":0,"href":"https:\/\/chocofruts.co\/us\/wp-json\/wp\/v2\/pages\/223\/revisions"}],"wp:attachment":[{"href":"https:\/\/chocofruts.co\/us\/wp-json\/wp\/v2\/media?parent=223"}],"curies":[{"name":"wp","href":"https:\/\/api.w.org\/{rel}","templated":true}]}}