{"id":475,"date":"2021-10-21T20:39:29","date_gmt":"2021-10-22T01:39:29","guid":{"rendered":"http:\/\/chocofruts.co\/?post_type=product&#038;p=475"},"modified":"2026-01-29T16:34:53","modified_gmt":"2026-01-29T21:34:53","slug":"nibs-de-cacao","status":"publish","type":"product","link":"https:\/\/chocofruts.co\/co\/products\/nibs-de-cacao\/","title":{"rendered":"Nibs de cacao &#8211; 250g"},"content":{"rendered":"<p><strong>Nibs de cacao &#8211; 250g<\/strong><\/p>\n<p>Peque\u00f1os trozos de cacao puro, tostados para resaltar su sabor intenso y textura crujiente. Con un perfil arom\u00e1tico profundo, estos nibs de cacao son ideales para consumir solos, a\u00f1adir a postres, batidos o recetas gourmet. Su presentaci\u00f3n de 250g ofrece la cantidad perfecta para disfrutar de su energ\u00eda natural y propiedades antioxidantes. Elaborados sin aditivos, conservan la esencia y calidad del cacao en su estado m\u00e1s puro. \ud83d\ude80\ud83c\udf6b<\/p>\n","protected":false},"excerpt":{"rendered":"<p><strong>Nibs de cacao &#8211; 250g<\/strong><\/p>\n<p>Peque\u00f1os trozos de cacao puro, tostados para resaltar su sabor intenso y textura crujiente. Con un perfil arom\u00e1tico profundo, estos nibs de cacao son ideales para consumir solos, a\u00f1adir a postres, batidos o recetas gourmet. Su presentaci\u00f3n de 250g ofrece la cantidad perfecta para disfrutar de su energ\u00eda natural y propiedades antioxidantes. Elaborados sin aditivos, conservan la esencia y calidad del cacao en su estado m\u00e1s puro. \ud83d\ude80\ud83c\udf6b<\/p>\n","protected":false},"featured_media":2749,"template":"","meta":{"_coblocks_attr":"","_coblocks_dimensions":"","_coblocks_responsive_height":"","_coblocks_accordion_ie_support":"","jetpack_publicize_message":"","jetpack_publicize_feature_enabled":true,"jetpack_social_post_already_shared":false,"jetpack_social_options":{"image_generator_settings":{"template":"highway","default_image_id":0,"font":"","enabled":false},"version":2}},"product_brand":[],"product_cat":[18],"product_tag":[68],"class_list":{"0":"post-475","1":"product","2":"type-product","3":"status-publish","4":"has-post-thumbnail","6":"product_cat-chocolates","7":"product_tag-nibs-de-cacao","8":"sales-flash-overlay","9":"woocommerce-text-align-center","10":"woocommerce-image-align-center","11":"do-quantity-buttons","13":"first","14":"instock","15":"featured","16":"purchasable","17":"product-type-simple"},"aioseo_notices":[],"jetpack_publicize_connections":[],"jetpack_sharing_enabled":true,"_links":{"self":[{"href":"https:\/\/chocofruts.co\/co\/wp-json\/wp\/v2\/product\/475","targetHints":{"allow":["GET"]}}],"collection":[{"href":"https:\/\/chocofruts.co\/co\/wp-json\/wp\/v2\/product"}],"about":[{"href":"https:\/\/chocofruts.co\/co\/wp-json\/wp\/v2\/types\/product"}],"wp:featuredmedia":[{"embeddable":true,"href":"https:\/\/chocofruts.co\/co\/wp-json\/wp\/v2\/media\/2749"}],"wp:attachment":[{"href":"https:\/\/chocofruts.co\/co\/wp-json\/wp\/v2\/media?parent=475"}],"wp:term":[{"taxonomy":"product_brand","embeddable":true,"href":"https:\/\/chocofruts.co\/co\/wp-json\/wp\/v2\/product_brand?post=475"},{"taxonomy":"product_cat","embeddable":true,"href":"https:\/\/chocofruts.co\/co\/wp-json\/wp\/v2\/product_cat?post=475"},{"taxonomy":"product_tag","embeddable":true,"href":"https:\/\/chocofruts.co\/co\/wp-json\/wp\/v2\/product_tag?post=475"}],"curies":[{"name":"wp","href":"https:\/\/api.w.org\/{rel}","templated":true}]}}