{"id":473,"date":"2021-10-21T20:35:41","date_gmt":"2021-10-22T01:35:41","guid":{"rendered":"http:\/\/chocofruts.co\/?post_type=product&#038;p=473"},"modified":"2026-01-29T16:35:16","modified_gmt":"2026-01-29T21:35:16","slug":"miel-100-pura-x-320g","status":"publish","type":"product","link":"https:\/\/chocofruts.co\/co\/products\/miel-100-pura-x-320g\/","title":{"rendered":"Miel de abeja 100% pura &#8211; 320g"},"content":{"rendered":"<p><strong>Miel de abeja 100% pura &#8211; 320g<\/strong><\/p>\n<p>Dulzura natural en su estado m\u00e1s puro. Elaborada sin aditivos ni conservantes, esta miel 100% pura preserva su sabor aut\u00e9ntico y sus propiedades nutritivas. Con una textura suave y un aroma delicado, es ideal para endulzar bebidas, postres o disfrutar sola. Su presentaci\u00f3n de 320g garantiza la frescura y calidad en cada porci\u00f3n, convirti\u00e9ndola en el complemento perfecto para una alimentaci\u00f3n natural y saludable. \ud83d\udc1d\ud83c\udf6f\u2728<\/p>\n","protected":false},"excerpt":{"rendered":"<p><strong>Miel de abeja 100% pura &#8211; 320g<\/strong><\/p>\n<p>Dulzura natural en su estado m\u00e1s puro. Elaborada sin aditivos ni conservantes, esta miel 100% pura preserva su sabor aut\u00e9ntico y sus propiedades nutritivas. Con una textura suave y un aroma delicado, es ideal para endulzar bebidas, postres o disfrutar sola. Su presentaci\u00f3n de 320g garantiza la frescura y calidad en cada porci\u00f3n, convirti\u00e9ndola en el complemento perfecto para una alimentaci\u00f3n natural y saludable. \ud83d\udc1d\ud83c\udf6f\u2728<\/p>\n","protected":false},"featured_media":2909,"template":"","meta":{"_coblocks_attr":"","_coblocks_dimensions":"","_coblocks_responsive_height":"","_coblocks_accordion_ie_support":"","jetpack_publicize_message":"","jetpack_publicize_feature_enabled":true,"jetpack_social_post_already_shared":false,"jetpack_social_options":{"image_generator_settings":{"template":"highway","default_image_id":0,"font":"","enabled":false},"version":2}},"product_brand":[],"product_cat":[141],"product_tag":[69],"class_list":{"0":"post-473","1":"product","2":"type-product","3":"status-publish","4":"has-post-thumbnail","6":"product_cat-miel","7":"product_tag-miel-de-abeja-pura","8":"sales-flash-overlay","9":"woocommerce-text-align-center","10":"woocommerce-image-align-center","11":"do-quantity-buttons","13":"first","14":"instock","15":"featured","16":"purchasable","17":"product-type-simple"},"aioseo_notices":[],"jetpack_publicize_connections":[],"jetpack_sharing_enabled":true,"_links":{"self":[{"href":"https:\/\/chocofruts.co\/co\/wp-json\/wp\/v2\/product\/473","targetHints":{"allow":["GET"]}}],"collection":[{"href":"https:\/\/chocofruts.co\/co\/wp-json\/wp\/v2\/product"}],"about":[{"href":"https:\/\/chocofruts.co\/co\/wp-json\/wp\/v2\/types\/product"}],"wp:featuredmedia":[{"embeddable":true,"href":"https:\/\/chocofruts.co\/co\/wp-json\/wp\/v2\/media\/2909"}],"wp:attachment":[{"href":"https:\/\/chocofruts.co\/co\/wp-json\/wp\/v2\/media?parent=473"}],"wp:term":[{"taxonomy":"product_brand","embeddable":true,"href":"https:\/\/chocofruts.co\/co\/wp-json\/wp\/v2\/product_brand?post=473"},{"taxonomy":"product_cat","embeddable":true,"href":"https:\/\/chocofruts.co\/co\/wp-json\/wp\/v2\/product_cat?post=473"},{"taxonomy":"product_tag","embeddable":true,"href":"https:\/\/chocofruts.co\/co\/wp-json\/wp\/v2\/product_tag?post=473"}],"curies":[{"name":"wp","href":"https:\/\/api.w.org\/{rel}","templated":true}]}}