{"id":466,"date":"2021-10-21T20:22:26","date_gmt":"2021-10-22T01:22:26","guid":{"rendered":"http:\/\/chocofruts.co\/?post_type=product&#038;p=466"},"modified":"2026-01-29T16:21:26","modified_gmt":"2026-01-29T21:21:26","slug":"caja-crocante","status":"publish","type":"product","link":"https:\/\/chocofruts.co\/co\/products\/caja-crocante\/","title":{"rendered":"Caja Crocante"},"content":{"rendered":"<p><strong>Bombones al 50% con leche y semillas de ch\u00eda con un toque de sal x 12<\/strong><\/p>\n<p>Una combinaci\u00f3n \u00fanica que equilibra la suavidad del chocolate 50% con leche, la textura crujiente de las semillas de ch\u00eda y un toque sutil de sal. Cada bomb\u00f3n ofrece una experiencia sensorial rica, resaltando contrastes perfectos entre dulzura y un matiz salado que potencia los sabores. Presentados en una caja de 12 unidades, son ideales para compartir, regalar o disfrutar como un momento especial. Elaborados con ingredientes de alta calidad, garantizan una degustaci\u00f3n sofisticada y deliciosa. \ud83d\ude80\ud83c\udf6b\u2728<\/p>\n","protected":false},"excerpt":{"rendered":"<p><strong>Bombones al 50% con leche y semillas de ch\u00eda con un toque de sal x 12<\/strong><\/p>\n<p>Una combinaci\u00f3n \u00fanica que equilibra la suavidad del chocolate 50% con leche, la textura crujiente de las semillas de ch\u00eda y un toque sutil de sal. Cada bomb\u00f3n ofrece una experiencia sensorial rica, resaltando contrastes perfectos entre dulzura y un matiz salado que potencia los sabores. Presentados en una caja de 12 unidades, son ideales para compartir, regalar o disfrutar como un momento especial. Elaborados con ingredientes de alta calidad, garantizan una degustaci\u00f3n sofisticada y deliciosa. \ud83d\ude80\ud83c\udf6b\u2728<\/p>\n","protected":false},"featured_media":1392,"template":"","meta":{"_coblocks_attr":"","_coblocks_dimensions":"","_coblocks_responsive_height":"","_coblocks_accordion_ie_support":"","jetpack_publicize_message":"","jetpack_publicize_feature_enabled":true,"jetpack_social_post_already_shared":false,"jetpack_social_options":{"image_generator_settings":{"template":"highway","default_image_id":0,"font":"","enabled":false},"version":2}},"product_brand":[],"product_cat":[18],"product_tag":[57,137,67],"class_list":{"0":"post-466","1":"product","2":"type-product","3":"status-publish","4":"has-post-thumbnail","6":"product_cat-chocolates","7":"product_tag-chocolate-50-cacao","8":"product_tag-con-leche","9":"product_tag-semilla-de-chia","10":"sales-flash-overlay","11":"woocommerce-text-align-center","12":"woocommerce-image-align-center","13":"do-quantity-buttons","14":"wc-has-gallery","16":"first","17":"instock","18":"featured","19":"purchasable","20":"product-type-simple"},"aioseo_notices":[],"jetpack_publicize_connections":[],"jetpack_sharing_enabled":true,"_links":{"self":[{"href":"https:\/\/chocofruts.co\/co\/wp-json\/wp\/v2\/product\/466","targetHints":{"allow":["GET"]}}],"collection":[{"href":"https:\/\/chocofruts.co\/co\/wp-json\/wp\/v2\/product"}],"about":[{"href":"https:\/\/chocofruts.co\/co\/wp-json\/wp\/v2\/types\/product"}],"wp:featuredmedia":[{"embeddable":true,"href":"https:\/\/chocofruts.co\/co\/wp-json\/wp\/v2\/media\/1392"}],"wp:attachment":[{"href":"https:\/\/chocofruts.co\/co\/wp-json\/wp\/v2\/media?parent=466"}],"wp:term":[{"taxonomy":"product_brand","embeddable":true,"href":"https:\/\/chocofruts.co\/co\/wp-json\/wp\/v2\/product_brand?post=466"},{"taxonomy":"product_cat","embeddable":true,"href":"https:\/\/chocofruts.co\/co\/wp-json\/wp\/v2\/product_cat?post=466"},{"taxonomy":"product_tag","embeddable":true,"href":"https:\/\/chocofruts.co\/co\/wp-json\/wp\/v2\/product_tag?post=466"}],"curies":[{"name":"wp","href":"https:\/\/api.w.org\/{rel}","templated":true}]}}