{"id":465,"date":"2021-10-21T20:20:22","date_gmt":"2021-10-22T01:20:22","guid":{"rendered":"http:\/\/chocofruts.co\/?post_type=product&#038;p=465"},"modified":"2026-01-29T16:21:06","modified_gmt":"2026-01-29T21:21:06","slug":"caja-los-colores-de-mi-tierra","status":"publish","type":"product","link":"https:\/\/chocofruts.co\/co\/products\/caja-los-colores-de-mi-tierra\/","title":{"rendered":"Caja los colores de mi tierra"},"content":{"rendered":"<p><strong>Caja surtida con 2 unidades de: Chia, Araza, Uva, 50% con leche, 50% sin leche, 70%, granito e caf\u00e9 al 50% y al 70%<\/strong><\/p>\n<p>Una caja especial con 12 bombones que exploran una diversidad de sabores y texturas. Cada unidad ofrece una experiencia \u00fanica: desde la suavidad del chocolate 50% con leche hasta la intensidad del 70%, pasando por ingredientes como ch\u00eda, araza, uva y el toque caracter\u00edstico del caf\u00e9 en distintas concentraciones. Un equilibrio perfecto entre dulzura, fuerza y matices naturales que convierten cada bocado en una degustaci\u00f3n sofisticada e inolvidable. \ud83d\ude80\ud83c\udf6b\u2728<\/p>\n","protected":false},"excerpt":{"rendered":"<p><strong>Caja surtida con 2 unidades de: Chia, Araza, Uva, 50% con leche, 50% sin leche, 70%, granito e caf\u00e9 al 50% y al 70%<\/strong><\/p>\n<p>Una caja especial con 12 bombones que exploran una diversidad de sabores y texturas. Cada unidad ofrece una experiencia \u00fanica: desde la suavidad del chocolate 50% con leche hasta la intensidad del 70%, pasando por ingredientes como ch\u00eda, araza, uva y el toque caracter\u00edstico del caf\u00e9 en distintas concentraciones. Un equilibrio perfecto entre dulzura, fuerza y matices naturales que convierten cada bocado en una degustaci\u00f3n sofisticada e inolvidable. \ud83d\ude80\ud83c\udf6b\u2728<\/p>\n","protected":false},"featured_media":451,"template":"","meta":{"_coblocks_attr":"","_coblocks_dimensions":"","_coblocks_responsive_height":"","_coblocks_accordion_ie_support":"","jetpack_publicize_message":"","jetpack_publicize_feature_enabled":true,"jetpack_social_post_already_shared":false,"jetpack_social_options":{"image_generator_settings":{"template":"highway","default_image_id":0,"font":"","enabled":false},"version":2}},"product_brand":[],"product_cat":[18],"product_tag":[],"class_list":{"0":"post-465","1":"product","2":"type-product","3":"status-publish","4":"has-post-thumbnail","6":"product_cat-chocolates","7":"sales-flash-overlay","8":"woocommerce-text-align-center","9":"woocommerce-image-align-center","10":"do-quantity-buttons","12":"first","13":"instock","14":"featured","15":"purchasable","16":"product-type-simple"},"aioseo_notices":[],"jetpack_publicize_connections":[],"jetpack_sharing_enabled":true,"_links":{"self":[{"href":"https:\/\/chocofruts.co\/co\/wp-json\/wp\/v2\/product\/465","targetHints":{"allow":["GET"]}}],"collection":[{"href":"https:\/\/chocofruts.co\/co\/wp-json\/wp\/v2\/product"}],"about":[{"href":"https:\/\/chocofruts.co\/co\/wp-json\/wp\/v2\/types\/product"}],"wp:featuredmedia":[{"embeddable":true,"href":"https:\/\/chocofruts.co\/co\/wp-json\/wp\/v2\/media\/451"}],"wp:attachment":[{"href":"https:\/\/chocofruts.co\/co\/wp-json\/wp\/v2\/media?parent=465"}],"wp:term":[{"taxonomy":"product_brand","embeddable":true,"href":"https:\/\/chocofruts.co\/co\/wp-json\/wp\/v2\/product_brand?post=465"},{"taxonomy":"product_cat","embeddable":true,"href":"https:\/\/chocofruts.co\/co\/wp-json\/wp\/v2\/product_cat?post=465"},{"taxonomy":"product_tag","embeddable":true,"href":"https:\/\/chocofruts.co\/co\/wp-json\/wp\/v2\/product_tag?post=465"}],"curies":[{"name":"wp","href":"https:\/\/api.w.org\/{rel}","templated":true}]}}