{"id":464,"date":"2021-10-21T20:18:38","date_gmt":"2021-10-22T01:18:38","guid":{"rendered":"http:\/\/chocofruts.co\/?post_type=product&#038;p=464"},"modified":"2026-01-29T16:20:32","modified_gmt":"2026-01-29T21:20:32","slug":"caja-al-natural","status":"publish","type":"product","link":"https:\/\/chocofruts.co\/co\/products\/caja-al-natural\/","title":{"rendered":"Caja Al Natural"},"content":{"rendered":"<p><strong>Bombones al 50% endulzados con estevia x 12<\/strong><\/p>\n<p>Una opci\u00f3n deliciosa y equilibrada, elaborada con chocolate 50% y endulzada con estevia para una dulzura natural y sin az\u00facar a\u00f1adida. Su textura suave y su sabor aut\u00e9ntico ofrecen una experiencia placentera en cada bocado. Presentados en una caja de 12 unidades, son ideales para compartir, regalar o disfrutar en cualquier momento. Perfectos para quienes buscan calidad y sabor sin comprometer su estilo de vida. \ud83d\ude80\ud83c\udf6b<\/p>\n","protected":false},"excerpt":{"rendered":"<p><strong>Bombones al 50% endulzados con estevia x 12<\/strong><\/p>\n<p>Una opci\u00f3n deliciosa y equilibrada, elaborada con chocolate 50% y endulzada con estevia para una dulzura natural y sin az\u00facar a\u00f1adida. Su textura suave y su sabor aut\u00e9ntico ofrecen una experiencia placentera en cada bocado. Presentados en una caja de 12 unidades, son ideales para compartir, regalar o disfrutar en cualquier momento. Perfectos para quienes buscan calidad y sabor sin comprometer su estilo de vida. \ud83d\ude80\ud83c\udf6b<\/p>\n","protected":false},"featured_media":1381,"template":"","meta":{"_coblocks_attr":"","_coblocks_dimensions":"","_coblocks_responsive_height":"","_coblocks_accordion_ie_support":"","jetpack_publicize_message":"","jetpack_publicize_feature_enabled":true,"jetpack_social_post_already_shared":false,"jetpack_social_options":{"image_generator_settings":{"template":"highway","default_image_id":0,"font":"","enabled":false},"version":2}},"product_brand":[],"product_cat":[18],"product_tag":[57,61,65],"class_list":{"0":"post-464","1":"product","2":"type-product","3":"status-publish","4":"has-post-thumbnail","6":"product_cat-chocolates","7":"product_tag-chocolate-50-cacao","8":"product_tag-sin-leche","9":"product_tag-stevia","10":"sales-flash-overlay","11":"woocommerce-text-align-center","12":"woocommerce-image-align-center","13":"do-quantity-buttons","14":"wc-has-gallery","16":"first","17":"instock","18":"featured","19":"purchasable","20":"product-type-simple"},"aioseo_notices":[],"jetpack_publicize_connections":[],"jetpack_sharing_enabled":true,"_links":{"self":[{"href":"https:\/\/chocofruts.co\/co\/wp-json\/wp\/v2\/product\/464","targetHints":{"allow":["GET"]}}],"collection":[{"href":"https:\/\/chocofruts.co\/co\/wp-json\/wp\/v2\/product"}],"about":[{"href":"https:\/\/chocofruts.co\/co\/wp-json\/wp\/v2\/types\/product"}],"wp:featuredmedia":[{"embeddable":true,"href":"https:\/\/chocofruts.co\/co\/wp-json\/wp\/v2\/media\/1381"}],"wp:attachment":[{"href":"https:\/\/chocofruts.co\/co\/wp-json\/wp\/v2\/media?parent=464"}],"wp:term":[{"taxonomy":"product_brand","embeddable":true,"href":"https:\/\/chocofruts.co\/co\/wp-json\/wp\/v2\/product_brand?post=464"},{"taxonomy":"product_cat","embeddable":true,"href":"https:\/\/chocofruts.co\/co\/wp-json\/wp\/v2\/product_cat?post=464"},{"taxonomy":"product_tag","embeddable":true,"href":"https:\/\/chocofruts.co\/co\/wp-json\/wp\/v2\/product_tag?post=464"}],"curies":[{"name":"wp","href":"https:\/\/api.w.org\/{rel}","templated":true}]}}