{"id":3160,"date":"2025-08-01T13:41:40","date_gmt":"2025-08-01T18:41:40","guid":{"rendered":"https:\/\/chocofruts.co\/?post_type=product&#038;p=3160"},"modified":"2026-01-29T16:49:40","modified_gmt":"2026-01-29T21:49:40","slug":"chocolate-en-media-esfera-70-1kg","status":"publish","type":"product","link":"https:\/\/chocofruts.co\/co\/products\/chocolate-en-media-esfera-70-1kg\/","title":{"rendered":"Chocolate en media esfera 70% &#8211; 1Kg"},"content":{"rendered":"<p><strong>Chocolate en media esfera 70%\u00a0 &#8211; 1Kg<\/strong><\/p>\n<p>Sum\u00e9rgete en la tradici\u00f3n y la pureza del cacao, con un chocolate con 70% de cacao puro, sin leche, que resalta la intensidad y profundidad de su sabor. Su textura suave y su perfil robusto ofrecen una experiencia aut\u00e9ntica para los amantes del cacao. Con una presentaci\u00f3n de 55g, es perfecta para disfrutar sola, acompa\u00f1ar con frutas o incluir en recetas gourmet. Elaborada con ingredientes de alta calidad, garantiza un momento de indulgencia con matices intensos y sofisticados. \ud83d\ude80\ud83c\udf6b<\/p>\n","protected":false},"excerpt":{"rendered":"<p><strong>Chocolate en media esfera 70%\u00a0 &#8211; 1Kg<\/strong><\/p>\n<p>Sum\u00e9rgete en la tradici\u00f3n y la pureza del cacao, con un chocolate con 70% de cacao puro, sin leche, que resalta la intensidad y profundidad de su sabor. Su textura suave y su perfil robusto ofrecen una experiencia aut\u00e9ntica para los amantes del cacao. Con una presentaci\u00f3n de 55g, es perfecta para disfrutar sola, acompa\u00f1ar con frutas o incluir en recetas gourmet. Elaborada con ingredientes de alta calidad, garantiza un momento de indulgencia con matices intensos y sofisticados. \ud83d\ude80\ud83c\udf6b<\/p>\n","protected":false},"featured_media":3181,"template":"","meta":{"_coblocks_attr":"","_coblocks_dimensions":"","_coblocks_responsive_height":"","_coblocks_accordion_ie_support":"","jetpack_publicize_message":"","jetpack_publicize_feature_enabled":true,"jetpack_social_post_already_shared":true,"jetpack_social_options":{"image_generator_settings":{"template":"highway","default_image_id":0,"font":"","enabled":false},"version":2}},"product_brand":[],"product_cat":[18],"product_tag":[126],"class_list":{"0":"post-3160","1":"product","2":"type-product","3":"status-publish","4":"has-post-thumbnail","6":"product_cat-chocolates","7":"product_tag-chocolate-en-media-esfera","8":"sales-flash-overlay","9":"woocommerce-text-align-center","10":"woocommerce-image-align-center","11":"do-quantity-buttons","13":"first","14":"instock","15":"featured","16":"purchasable","17":"product-type-simple"},"aioseo_notices":[],"jetpack_publicize_connections":[],"jetpack_sharing_enabled":true,"_links":{"self":[{"href":"https:\/\/chocofruts.co\/co\/wp-json\/wp\/v2\/product\/3160","targetHints":{"allow":["GET"]}}],"collection":[{"href":"https:\/\/chocofruts.co\/co\/wp-json\/wp\/v2\/product"}],"about":[{"href":"https:\/\/chocofruts.co\/co\/wp-json\/wp\/v2\/types\/product"}],"wp:featuredmedia":[{"embeddable":true,"href":"https:\/\/chocofruts.co\/co\/wp-json\/wp\/v2\/media\/3181"}],"wp:attachment":[{"href":"https:\/\/chocofruts.co\/co\/wp-json\/wp\/v2\/media?parent=3160"}],"wp:term":[{"taxonomy":"product_brand","embeddable":true,"href":"https:\/\/chocofruts.co\/co\/wp-json\/wp\/v2\/product_brand?post=3160"},{"taxonomy":"product_cat","embeddable":true,"href":"https:\/\/chocofruts.co\/co\/wp-json\/wp\/v2\/product_cat?post=3160"},{"taxonomy":"product_tag","embeddable":true,"href":"https:\/\/chocofruts.co\/co\/wp-json\/wp\/v2\/product_tag?post=3160"}],"curies":[{"name":"wp","href":"https:\/\/api.w.org\/{rel}","templated":true}]}}