{"id":3094,"date":"2025-04-28T15:45:33","date_gmt":"2025-04-28T20:45:33","guid":{"rendered":"https:\/\/chocofruts.co\/?post_type=product&#038;p=3094"},"modified":"2026-01-29T16:46:56","modified_gmt":"2026-01-29T21:46:56","slug":"chocolate-en-polvo-100-natural-70g","status":"publish","type":"product","link":"https:\/\/chocofruts.co\/co\/products\/chocolate-en-polvo-100-natural-70g\/","title":{"rendered":"Chocolate en polvo 100% Natural &#8211; 70g"},"content":{"rendered":"<p><strong>Chocolate en polvo 100% Natural &#8211; 70g<\/strong><\/p>\n<p>Disfruta del aut\u00e9ntico sabor del cacao con este chocolate en polvo 100% natural. Elaborado con cacao puro, sin az\u00facar, aditivos ni conservantes, ofrece una experiencia \u00fanica y llena de intensidad. Su presentaci\u00f3n de 70g es ideal para preparar bebidas calientes, postres y recetas gourmet, manteniendo siempre la esencia y calidad artesanal del cacao. Perfecto para quienes buscan un producto puro y vers\u00e1til para sus creaciones.<\/p>\n","protected":false},"excerpt":{"rendered":"<p><strong>Chocolate en polvo 100% Natural &#8211; 70g<\/strong><\/p>\n<p>Disfruta del aut\u00e9ntico sabor del cacao con este chocolate en polvo 100% natural. Elaborado con cacao puro, sin az\u00facar, aditivos ni conservantes, ofrece una experiencia \u00fanica y llena de intensidad. Su presentaci\u00f3n de 70g es ideal para preparar bebidas calientes, postres y recetas gourmet, manteniendo siempre la esencia y calidad artesanal del cacao. Perfecto para quienes buscan un producto puro y vers\u00e1til para sus creaciones.<\/p>\n","protected":false},"featured_media":2900,"template":"","meta":{"_coblocks_attr":"","_coblocks_dimensions":"","_coblocks_responsive_height":"","_coblocks_accordion_ie_support":"","jetpack_publicize_message":"","jetpack_publicize_feature_enabled":true,"jetpack_social_post_already_shared":true,"jetpack_social_options":{"image_generator_settings":{"template":"highway","default_image_id":0,"font":"","enabled":false},"version":2}},"product_brand":[],"product_cat":[18],"product_tag":[125],"class_list":{"0":"post-3094","1":"product","2":"type-product","3":"status-publish","4":"has-post-thumbnail","6":"product_cat-chocolates","7":"product_tag-chocolate-en-polvo","8":"sales-flash-overlay","9":"woocommerce-text-align-center","10":"woocommerce-image-align-center","11":"do-quantity-buttons","13":"first","14":"instock","15":"featured","16":"purchasable","17":"product-type-simple"},"aioseo_notices":[],"jetpack_publicize_connections":[],"jetpack_sharing_enabled":true,"_links":{"self":[{"href":"https:\/\/chocofruts.co\/co\/wp-json\/wp\/v2\/product\/3094","targetHints":{"allow":["GET"]}}],"collection":[{"href":"https:\/\/chocofruts.co\/co\/wp-json\/wp\/v2\/product"}],"about":[{"href":"https:\/\/chocofruts.co\/co\/wp-json\/wp\/v2\/types\/product"}],"wp:featuredmedia":[{"embeddable":true,"href":"https:\/\/chocofruts.co\/co\/wp-json\/wp\/v2\/media\/2900"}],"wp:attachment":[{"href":"https:\/\/chocofruts.co\/co\/wp-json\/wp\/v2\/media?parent=3094"}],"wp:term":[{"taxonomy":"product_brand","embeddable":true,"href":"https:\/\/chocofruts.co\/co\/wp-json\/wp\/v2\/product_brand?post=3094"},{"taxonomy":"product_cat","embeddable":true,"href":"https:\/\/chocofruts.co\/co\/wp-json\/wp\/v2\/product_cat?post=3094"},{"taxonomy":"product_tag","embeddable":true,"href":"https:\/\/chocofruts.co\/co\/wp-json\/wp\/v2\/product_tag?post=3094"}],"curies":[{"name":"wp","href":"https:\/\/api.w.org\/{rel}","templated":true}]}}