{"id":2940,"date":"2025-03-21T08:23:37","date_gmt":"2025-03-21T13:23:37","guid":{"rendered":"https:\/\/chocofruts.co\/?post_type=product&#038;p=2940"},"modified":"2026-01-29T16:46:17","modified_gmt":"2026-01-29T21:46:17","slug":"chocolate-en-media-esfera-100-clavos-y-canela-70g","status":"publish","type":"product","link":"https:\/\/chocofruts.co\/co\/products\/chocolate-en-media-esfera-100-clavos-y-canela-70g\/","title":{"rendered":"Chocolate en media esfera 100% Clavos y canela &#8211; 70g"},"content":{"rendered":"<p><strong>Chocolate en media esfera 100% Clavos y canela &#8211; 70g<\/strong><\/p>\n<p>Disfruta de una experiencia aut\u00e9ntica con este chocolate en media esfera elaborado con cacao 100% natural infusionado con clavos y canela. Su perfil de sabor especiado y c\u00e1lido lo convierte en una opci\u00f3n \u00fanica para preparar bebidas calientes o postres exquisitos. Libre de az\u00facar, aditivos y conservantes, este producto destaca por su pureza y calidad artesanal. La presentaci\u00f3n de 70g es ideal para quienes buscan probar sabores intensos y naturales en una porci\u00f3n pr\u00e1ctica y conveniente.<\/p>\n","protected":false},"excerpt":{"rendered":"<p><strong>Chocolate en media esfera 100% Clavos y canela &#8211; 70g<\/strong><\/p>\n<p>Disfruta de una experiencia aut\u00e9ntica con este chocolate en media esfera elaborado con cacao 100% natural infusionado con clavos y canela. Su perfil de sabor especiado y c\u00e1lido lo convierte en una opci\u00f3n \u00fanica para preparar bebidas calientes o postres exquisitos. Libre de az\u00facar, aditivos y conservantes, este producto destaca por su pureza y calidad artesanal. La presentaci\u00f3n de 70g es ideal para quienes buscan probar sabores intensos y naturales en una porci\u00f3n pr\u00e1ctica y conveniente.<\/p>\n","protected":false},"featured_media":2898,"template":"","meta":{"_coblocks_attr":"","_coblocks_dimensions":"","_coblocks_responsive_height":"","_coblocks_accordion_ie_support":"","jetpack_publicize_message":"","jetpack_publicize_feature_enabled":true,"jetpack_social_post_already_shared":true,"jetpack_social_options":{"image_generator_settings":{"template":"highway","default_image_id":0,"font":"","enabled":false},"version":2}},"product_brand":[],"product_cat":[18],"product_tag":[126,115],"class_list":{"0":"post-2940","1":"product","2":"type-product","3":"status-publish","4":"has-post-thumbnail","6":"product_cat-chocolates","7":"product_tag-chocolate-en-media-esfera","8":"product_tag-con-clavos-y-canela","9":"sales-flash-overlay","10":"woocommerce-text-align-center","11":"woocommerce-image-align-center","12":"do-quantity-buttons","14":"first","15":"instock","16":"featured","17":"purchasable","18":"product-type-simple"},"aioseo_notices":[],"jetpack_publicize_connections":[],"jetpack_sharing_enabled":true,"_links":{"self":[{"href":"https:\/\/chocofruts.co\/co\/wp-json\/wp\/v2\/product\/2940","targetHints":{"allow":["GET"]}}],"collection":[{"href":"https:\/\/chocofruts.co\/co\/wp-json\/wp\/v2\/product"}],"about":[{"href":"https:\/\/chocofruts.co\/co\/wp-json\/wp\/v2\/types\/product"}],"wp:featuredmedia":[{"embeddable":true,"href":"https:\/\/chocofruts.co\/co\/wp-json\/wp\/v2\/media\/2898"}],"wp:attachment":[{"href":"https:\/\/chocofruts.co\/co\/wp-json\/wp\/v2\/media?parent=2940"}],"wp:term":[{"taxonomy":"product_brand","embeddable":true,"href":"https:\/\/chocofruts.co\/co\/wp-json\/wp\/v2\/product_brand?post=2940"},{"taxonomy":"product_cat","embeddable":true,"href":"https:\/\/chocofruts.co\/co\/wp-json\/wp\/v2\/product_cat?post=2940"},{"taxonomy":"product_tag","embeddable":true,"href":"https:\/\/chocofruts.co\/co\/wp-json\/wp\/v2\/product_tag?post=2940"}],"curies":[{"name":"wp","href":"https:\/\/api.w.org\/{rel}","templated":true}]}}