{"id":2935,"date":"2025-03-14T09:10:34","date_gmt":"2025-03-14T14:10:34","guid":{"rendered":"https:\/\/chocofruts.co\/?post_type=product&#038;p=2935"},"modified":"2026-01-29T16:44:56","modified_gmt":"2026-01-29T21:44:56","slug":"chocolate-en-media-esfera-100-calvos-y-canela-200g","status":"publish","type":"product","link":"https:\/\/chocofruts.co\/co\/products\/chocolate-en-media-esfera-100-calvos-y-canela-200g\/","title":{"rendered":"Chocolate en media esfera 100% Calvos y canela &#8211; 200g"},"content":{"rendered":"<p><strong>Chocolate en media esfera 100% clavos y canela- 200g<\/strong><\/p>\n<p>Experimenta una explosi\u00f3n de sabores aut\u00e9nticos con este chocolate en media esfera, elaborado con cacao 100% natural infusionado con clavos y canela. Perfecto para los amantes del cacao puro y las especias, este producto combina la intensidad del chocolate con la calidez y aroma \u00fanicos de los clavos y la canela. Sin az\u00facar, sin aditivos ni conservantes, es una opci\u00f3n artesanal que garantiza calidad y pureza en cada bocado. Su pr\u00e1ctica presentaci\u00f3n de 200g es ideal para disfrutarlo solo, en bebidas calientes o como ingrediente para recetas gourmet. Una experiencia culinaria excepcional en cada media esfera.<\/p>\n","protected":false},"excerpt":{"rendered":"<p><strong>Chocolate en media esfera 100% clavos y canela &#8211; 200g<\/strong><\/p>\n<p>Experimenta una explosi\u00f3n de sabores aut\u00e9nticos con este chocolate en media esfera, elaborado con cacao 100% natural infusionado con clavos y canela. Perfecto para los amantes del cacao puro y las especias, este producto combina la intensidad del chocolate con la calidez y aroma \u00fanicos de los clavos y la canela. Sin az\u00facar, sin aditivos ni conservantes, es una opci\u00f3n artesanal que garantiza calidad y pureza en cada bocado. Su pr\u00e1ctica presentaci\u00f3n de 200g es ideal para disfrutarlo solo, en bebidas calientes o como ingrediente para recetas gourmet. Una experiencia culinaria excepcional en cada media esfera.<\/p>\n","protected":false},"featured_media":2936,"template":"","meta":{"_coblocks_attr":"","_coblocks_dimensions":"","_coblocks_responsive_height":"","_coblocks_accordion_ie_support":"","jetpack_publicize_message":"","jetpack_publicize_feature_enabled":true,"jetpack_social_post_already_shared":true,"jetpack_social_options":{"image_generator_settings":{"template":"highway","default_image_id":0,"font":"","enabled":false},"version":2}},"product_brand":[],"product_cat":[18],"product_tag":[126,115],"class_list":{"0":"post-2935","1":"product","2":"type-product","3":"status-publish","4":"has-post-thumbnail","6":"product_cat-chocolates","7":"product_tag-chocolate-en-media-esfera","8":"product_tag-con-clavos-y-canela","9":"sales-flash-overlay","10":"woocommerce-text-align-center","11":"woocommerce-image-align-center","12":"do-quantity-buttons","13":"wc-has-gallery","15":"first","16":"instock","17":"featured","18":"purchasable","19":"product-type-simple"},"aioseo_notices":[],"jetpack_publicize_connections":[],"jetpack_sharing_enabled":true,"_links":{"self":[{"href":"https:\/\/chocofruts.co\/co\/wp-json\/wp\/v2\/product\/2935","targetHints":{"allow":["GET"]}}],"collection":[{"href":"https:\/\/chocofruts.co\/co\/wp-json\/wp\/v2\/product"}],"about":[{"href":"https:\/\/chocofruts.co\/co\/wp-json\/wp\/v2\/types\/product"}],"wp:featuredmedia":[{"embeddable":true,"href":"https:\/\/chocofruts.co\/co\/wp-json\/wp\/v2\/media\/2936"}],"wp:attachment":[{"href":"https:\/\/chocofruts.co\/co\/wp-json\/wp\/v2\/media?parent=2935"}],"wp:term":[{"taxonomy":"product_brand","embeddable":true,"href":"https:\/\/chocofruts.co\/co\/wp-json\/wp\/v2\/product_brand?post=2935"},{"taxonomy":"product_cat","embeddable":true,"href":"https:\/\/chocofruts.co\/co\/wp-json\/wp\/v2\/product_cat?post=2935"},{"taxonomy":"product_tag","embeddable":true,"href":"https:\/\/chocofruts.co\/co\/wp-json\/wp\/v2\/product_tag?post=2935"}],"curies":[{"name":"wp","href":"https:\/\/api.w.org\/{rel}","templated":true}]}}