{"id":1159,"date":"2023-05-23T20:55:33","date_gmt":"2023-05-24T01:55:33","guid":{"rendered":"https:\/\/chocofruts.co\/?post_type=product&#038;p=1159"},"modified":"2026-01-29T16:41:31","modified_gmt":"2026-01-29T21:41:31","slug":"barra-labial-hidratante-4-5g","status":"publish","type":"product","link":"https:\/\/chocofruts.co\/co\/products\/barra-labial-hidratante-4-5g\/","title":{"rendered":"Manteca\u00a0de\u00a0Cacao\u00a0para\u00a0Labios  &#8211; 4,5g"},"content":{"rendered":"<p><strong>Manteca\u00a0de\u00a0Cacao\u00a0para\u00a0Labios &#8211; 4,5g<\/strong><\/p>\n<p>Hidrataci\u00f3n profunda y protecci\u00f3n natural en cada aplicaci\u00f3n. Este b\u00e1lsamo labial, elaborado con manteca de cacao pura, nutre y suaviza los labios, proporcionando una sensaci\u00f3n ligera y reconfortante. Su f\u00f3rmula 100% natural crea una barrera protectora contra la resequedad, restaurando la piel y dej\u00e1ndola con un aspecto saludable. Ideal para uso diario, su pr\u00e1ctico tama\u00f1o de 4,5g lo hace perfecto para llevar siempre contigo y disfrutar de sus beneficios en cualquier momento.<\/p>\n","protected":false},"excerpt":{"rendered":"<p><strong>Manteca\u00a0de\u00a0Cacao\u00a0para\u00a0Labios &#8211; 4,5g<\/strong><\/p>\n<p>Hidrataci\u00f3n profunda y protecci\u00f3n natural en cada aplicaci\u00f3n. Este b\u00e1lsamo labial, elaborado con manteca de cacao pura, nutre y suaviza los labios, proporcionando una sensaci\u00f3n ligera y reconfortante. Su f\u00f3rmula 100% natural crea una barrera protectora contra la resequedad, restaurando la piel y dej\u00e1ndola con un aspecto saludable. Ideal para uso diario, su pr\u00e1ctico tama\u00f1o de 4,5g lo hace perfecto para llevar siempre contigo y disfrutar de sus beneficios en cualquier momento.<\/p>\n","protected":false},"featured_media":2911,"template":"","meta":{"_coblocks_attr":"","_coblocks_dimensions":"","_coblocks_responsive_height":"","_coblocks_accordion_ie_support":"","jetpack_publicize_message":"","jetpack_publicize_feature_enabled":true,"jetpack_social_post_already_shared":false,"jetpack_social_options":{"image_generator_settings":{"template":"highway","default_image_id":0,"font":"","enabled":false},"version":2}},"product_brand":[],"product_cat":[97],"product_tag":[77,76,75,33],"class_list":{"0":"post-1159","1":"product","2":"type-product","3":"status-publish","4":"has-post-thumbnail","6":"product_cat-cosmetico","7":"product_tag-hidratante","8":"product_tag-labial","9":"product_tag-manteca-de-cacao","10":"product_tag-natural","11":"sales-flash-overlay","12":"woocommerce-text-align-center","13":"woocommerce-image-align-center","14":"do-quantity-buttons","16":"first","17":"instock","18":"featured","19":"purchasable","20":"product-type-simple"},"aioseo_notices":[],"jetpack_publicize_connections":[],"jetpack_sharing_enabled":true,"_links":{"self":[{"href":"https:\/\/chocofruts.co\/co\/wp-json\/wp\/v2\/product\/1159","targetHints":{"allow":["GET"]}}],"collection":[{"href":"https:\/\/chocofruts.co\/co\/wp-json\/wp\/v2\/product"}],"about":[{"href":"https:\/\/chocofruts.co\/co\/wp-json\/wp\/v2\/types\/product"}],"wp:featuredmedia":[{"embeddable":true,"href":"https:\/\/chocofruts.co\/co\/wp-json\/wp\/v2\/media\/2911"}],"wp:attachment":[{"href":"https:\/\/chocofruts.co\/co\/wp-json\/wp\/v2\/media?parent=1159"}],"wp:term":[{"taxonomy":"product_brand","embeddable":true,"href":"https:\/\/chocofruts.co\/co\/wp-json\/wp\/v2\/product_brand?post=1159"},{"taxonomy":"product_cat","embeddable":true,"href":"https:\/\/chocofruts.co\/co\/wp-json\/wp\/v2\/product_cat?post=1159"},{"taxonomy":"product_tag","embeddable":true,"href":"https:\/\/chocofruts.co\/co\/wp-json\/wp\/v2\/product_tag?post=1159"}],"curies":[{"name":"wp","href":"https:\/\/api.w.org\/{rel}","templated":true}]}}