{"id":1150,"date":"2023-05-23T20:38:15","date_gmt":"2023-05-24T01:38:15","guid":{"rendered":"https:\/\/chocofruts.co\/?post_type=product&#038;p=1150"},"modified":"2026-01-29T16:29:51","modified_gmt":"2026-01-29T21:29:51","slug":"caja-rubi","status":"publish","type":"product","link":"https:\/\/chocofruts.co\/co\/products\/caja-rubi\/","title":{"rendered":"Caja rub\u00ed"},"content":{"rendered":"<p><strong>Bombones al 50% con leche rellenos de mermelada de flor de jamaica x 12<\/strong><\/p>\n<p>Una explosi\u00f3n de sabor que combina la suavidad del chocolate 50% con leche y el toque floral y ligeramente \u00e1cido de la mermelada de flor de jamaica. Su relleno cremoso y equilibrado ofrece una experiencia \u00fanica, perfecta para quienes disfrutan de contrastes sofisticados en cada bocado. Presentados en una caja de 12 unidades, son ideales para compartir, regalar o disfrutar en cualquier ocasi\u00f3n. Elaborados con ingredientes de alta calidad para garantizar un deleite irresistible. \ud83d\ude80\ud83c\udf6b<\/p>\n","protected":false},"excerpt":{"rendered":"<p><strong>Bombones al 50% con leche rellenos de mermelada de flor de jamaica x 12<\/strong><\/p>\n<p>Una explosi\u00f3n de sabor que combina la suavidad del chocolate 50% con leche y el toque floral y ligeramente \u00e1cido de la mermelada de flor de jamaica. Su relleno cremoso y equilibrado ofrece una experiencia \u00fanica, perfecta para quienes disfrutan de contrastes sofisticados en cada bocado. Presentados en una caja de 12 unidades, son ideales para compartir, regalar o disfrutar en cualquier ocasi\u00f3n. Elaborados con ingredientes de alta calidad para garantizar un deleite irresistible. \ud83d\ude80\ud83c\udf6b<\/p>\n","protected":false},"featured_media":1387,"template":"","meta":{"_coblocks_attr":"","_coblocks_dimensions":"","_coblocks_responsive_height":"","_coblocks_accordion_ie_support":"","jetpack_publicize_message":"","jetpack_publicize_feature_enabled":true,"jetpack_social_post_already_shared":true,"jetpack_social_options":{"image_generator_settings":{"template":"highway","default_image_id":0,"font":"","enabled":false},"version":2}},"product_brand":[],"product_cat":[18],"product_tag":[],"class_list":{"0":"post-1150","1":"product","2":"type-product","3":"status-publish","4":"has-post-thumbnail","6":"product_cat-chocolates","7":"sales-flash-overlay","8":"woocommerce-text-align-center","9":"woocommerce-image-align-center","10":"do-quantity-buttons","12":"first","13":"instock","14":"purchasable","15":"product-type-simple"},"aioseo_notices":[],"jetpack_publicize_connections":[],"jetpack_sharing_enabled":true,"_links":{"self":[{"href":"https:\/\/chocofruts.co\/co\/wp-json\/wp\/v2\/product\/1150","targetHints":{"allow":["GET"]}}],"collection":[{"href":"https:\/\/chocofruts.co\/co\/wp-json\/wp\/v2\/product"}],"about":[{"href":"https:\/\/chocofruts.co\/co\/wp-json\/wp\/v2\/types\/product"}],"wp:featuredmedia":[{"embeddable":true,"href":"https:\/\/chocofruts.co\/co\/wp-json\/wp\/v2\/media\/1387"}],"wp:attachment":[{"href":"https:\/\/chocofruts.co\/co\/wp-json\/wp\/v2\/media?parent=1150"}],"wp:term":[{"taxonomy":"product_brand","embeddable":true,"href":"https:\/\/chocofruts.co\/co\/wp-json\/wp\/v2\/product_brand?post=1150"},{"taxonomy":"product_cat","embeddable":true,"href":"https:\/\/chocofruts.co\/co\/wp-json\/wp\/v2\/product_cat?post=1150"},{"taxonomy":"product_tag","embeddable":true,"href":"https:\/\/chocofruts.co\/co\/wp-json\/wp\/v2\/product_tag?post=1150"}],"curies":[{"name":"wp","href":"https:\/\/api.w.org\/{rel}","templated":true}]}}