{"id":1148,"date":"2023-05-23T20:33:45","date_gmt":"2023-05-24T01:33:45","guid":{"rendered":"https:\/\/chocofruts.co\/?post_type=product&#038;p=1148"},"modified":"2026-01-29T16:31:54","modified_gmt":"2026-01-29T21:31:54","slug":"caja-lujuria","status":"publish","type":"product","link":"https:\/\/chocofruts.co\/co\/products\/caja-lujuria\/","title":{"rendered":"Caja lujuria"},"content":{"rendered":"<p><strong>Bombones al 50% con leche rellenos de crema de whisky x 12<\/strong><\/p>\n<p>Una experiencia indulgente que combina la intensidad del chocolate 50% con leche y la suavidad de una cremosa relleno de whisky. Cada bomb\u00f3n ofrece un equilibrio perfecto entre dulzura y car\u00e1cter, creando una explosi\u00f3n de sabor en cada bocado. Presentados en una caja de 12 unidades, son ideales para compartir, regalar o disfrutar en momentos especiales. Elaborados con ingredientes de alta calidad, garantizan un toque sofisticado y envolvente. \ud83d\ude80\ud83c\udf6b<\/p>\n","protected":false},"excerpt":{"rendered":"<p><strong>Bombones al 50% con leche rellenos de crema de whisky x 12<\/strong><\/p>\n<p>Una experiencia indulgente que combina la intensidad del chocolate 50% con leche y la suavidad de una cremosa relleno de whisky. Cada bomb\u00f3n ofrece un equilibrio perfecto entre dulzura y car\u00e1cter, creando una explosi\u00f3n de sabor en cada bocado. Presentados en una caja de 12 unidades, son ideales para compartir, regalar o disfrutar en momentos especiales. Elaborados con ingredientes de alta calidad, garantizan un toque sofisticado y envolvente. \ud83d\ude80\ud83c\udf6b<\/p>\n","protected":false},"featured_media":1383,"template":"","meta":{"_coblocks_attr":"","_coblocks_dimensions":"","_coblocks_responsive_height":"","_coblocks_accordion_ie_support":"","jetpack_publicize_message":"","jetpack_publicize_feature_enabled":true,"jetpack_social_post_already_shared":true,"jetpack_social_options":{"image_generator_settings":{"template":"highway","default_image_id":0,"font":"","enabled":false},"version":2}},"product_brand":[],"product_cat":[18],"product_tag":[57,137,138],"class_list":{"0":"post-1148","1":"product","2":"type-product","3":"status-publish","4":"has-post-thumbnail","6":"product_cat-chocolates","7":"product_tag-chocolate-50-cacao","8":"product_tag-con-leche","9":"product_tag-crema-de-whisky","10":"sales-flash-overlay","11":"woocommerce-text-align-center","12":"woocommerce-image-align-center","13":"do-quantity-buttons","15":"first","16":"instock","17":"purchasable","18":"product-type-simple"},"aioseo_notices":[],"jetpack_publicize_connections":[],"jetpack_sharing_enabled":true,"_links":{"self":[{"href":"https:\/\/chocofruts.co\/co\/wp-json\/wp\/v2\/product\/1148","targetHints":{"allow":["GET"]}}],"collection":[{"href":"https:\/\/chocofruts.co\/co\/wp-json\/wp\/v2\/product"}],"about":[{"href":"https:\/\/chocofruts.co\/co\/wp-json\/wp\/v2\/types\/product"}],"wp:featuredmedia":[{"embeddable":true,"href":"https:\/\/chocofruts.co\/co\/wp-json\/wp\/v2\/media\/1383"}],"wp:attachment":[{"href":"https:\/\/chocofruts.co\/co\/wp-json\/wp\/v2\/media?parent=1148"}],"wp:term":[{"taxonomy":"product_brand","embeddable":true,"href":"https:\/\/chocofruts.co\/co\/wp-json\/wp\/v2\/product_brand?post=1148"},{"taxonomy":"product_cat","embeddable":true,"href":"https:\/\/chocofruts.co\/co\/wp-json\/wp\/v2\/product_cat?post=1148"},{"taxonomy":"product_tag","embeddable":true,"href":"https:\/\/chocofruts.co\/co\/wp-json\/wp\/v2\/product_tag?post=1148"}],"curies":[{"name":"wp","href":"https:\/\/api.w.org\/{rel}","templated":true}]}}