{"id":1147,"date":"2023-05-23T20:31:35","date_gmt":"2023-05-24T01:31:35","guid":{"rendered":"https:\/\/chocofruts.co\/?post_type=product&#038;p=1147"},"modified":"2026-01-29T16:32:13","modified_gmt":"2026-01-29T21:32:13","slug":"caja-osadia","status":"publish","type":"product","link":"https:\/\/chocofruts.co\/co\/products\/caja-osadia\/","title":{"rendered":"Caja osad\u00eda"},"content":{"rendered":"<p><strong>Bombones al 50% sin leche y aj\u00ed pajarito x 12<\/strong><\/p>\n<p>Una explosi\u00f3n de sabor que fusiona el chocolate 50% sin leche con la intensidad del aj\u00ed pajarito. Su equilibrio entre dulzura y picante crea una experiencia \u00fanica y vibrante en cada bocado. Presentados en una caja de 12 unidades, son ideales para quienes buscan algo diferente y sofisticado. Perfectos para disfrutar solos, compartir o a\u00f1adir un toque especial a degustaciones. Elaborados con ingredientes de alta calidad, garantizan una combinaci\u00f3n atrevida y deliciosa. \ud83d\ude80\ud83c\udf6b\ud83c\udf36\ufe0f<\/p>\n","protected":false},"excerpt":{"rendered":"<p><strong>Bombones al 50% sin leche y aj\u00ed pajarito x 12<\/strong><\/p>\n<p>Una explosi\u00f3n de sabor que fusiona el chocolate 50% sin leche con la intensidad del aj\u00ed pajarito. Su equilibrio entre dulzura y picante crea una experiencia \u00fanica y vibrante en cada bocado. Presentados en una caja de 12 unidades, son ideales para quienes buscan algo diferente y sofisticado. Perfectos para disfrutar solos, compartir o a\u00f1adir un toque especial a degustaciones. Elaborados con ingredientes de alta calidad, garantizan una combinaci\u00f3n atrevida y deliciosa. \ud83d\ude80\ud83c\udf6b\ud83c\udf36\ufe0f<\/p>\n","protected":false},"featured_media":1393,"template":"","meta":{"_coblocks_attr":"","_coblocks_dimensions":"","_coblocks_responsive_height":"","_coblocks_accordion_ie_support":"","jetpack_publicize_message":"","jetpack_publicize_feature_enabled":true,"jetpack_social_post_already_shared":true,"jetpack_social_options":{"image_generator_settings":{"template":"highway","default_image_id":0,"font":"","enabled":false},"version":2}},"product_brand":[],"product_cat":[18],"product_tag":[57,139,61],"class_list":{"0":"post-1147","1":"product","2":"type-product","3":"status-publish","4":"has-post-thumbnail","6":"product_cat-chocolates","7":"product_tag-chocolate-50-cacao","8":"product_tag-con-aji","9":"product_tag-sin-leche","10":"sales-flash-overlay","11":"woocommerce-text-align-center","12":"woocommerce-image-align-center","13":"do-quantity-buttons","15":"first","16":"instock","17":"purchasable","18":"product-type-simple"},"aioseo_notices":[],"jetpack_publicize_connections":[],"jetpack_sharing_enabled":true,"_links":{"self":[{"href":"https:\/\/chocofruts.co\/co\/wp-json\/wp\/v2\/product\/1147","targetHints":{"allow":["GET"]}}],"collection":[{"href":"https:\/\/chocofruts.co\/co\/wp-json\/wp\/v2\/product"}],"about":[{"href":"https:\/\/chocofruts.co\/co\/wp-json\/wp\/v2\/types\/product"}],"wp:featuredmedia":[{"embeddable":true,"href":"https:\/\/chocofruts.co\/co\/wp-json\/wp\/v2\/media\/1393"}],"wp:attachment":[{"href":"https:\/\/chocofruts.co\/co\/wp-json\/wp\/v2\/media?parent=1147"}],"wp:term":[{"taxonomy":"product_brand","embeddable":true,"href":"https:\/\/chocofruts.co\/co\/wp-json\/wp\/v2\/product_brand?post=1147"},{"taxonomy":"product_cat","embeddable":true,"href":"https:\/\/chocofruts.co\/co\/wp-json\/wp\/v2\/product_cat?post=1147"},{"taxonomy":"product_tag","embeddable":true,"href":"https:\/\/chocofruts.co\/co\/wp-json\/wp\/v2\/product_tag?post=1147"}],"curies":[{"name":"wp","href":"https:\/\/api.w.org\/{rel}","templated":true}]}}