{"id":2543,"date":"2023-10-17T19:57:10","date_gmt":"2023-10-18T00:57:10","guid":{"rendered":"https:\/\/www.chocofruts.co\/?page_id=2543"},"modified":"2025-02-16T09:29:17","modified_gmt":"2025-02-16T14:29:17","slug":"pablito-pachocito","status":"publish","type":"page","link":"https:\/\/chocofruts.co\/co\/pablito-pachocito\/","title":{"rendered":"Pablito Pachoncito"},"content":{"rendered":"\n<p>En nuestro af\u00e1n por promover un estilo de vida saludable y equilibrado, hemos decidido adoptar a Pablito como nuestro representante en la misi\u00f3n de demostrar que el chocolate puede formar parte de una alimentaci\u00f3n balanceada.<\/p>\n\n\n\n<div class=\"wp-block-columns is-layout-flex wp-container-core-columns-is-layout-9d6595d7 wp-block-columns-is-layout-flex\">\n<div class=\"wp-block-column is-layout-flow wp-block-column-is-layout-flow\" style=\"flex-basis:66.66%\">\n<p>Pablito es un cacao en\u00e9rgico y divertido, con una personalidad \u00fanica que lo hace el compa\u00f1ero perfecto para disfrutar de los beneficios del chocolate. A trav\u00e9s de sus travesuras y aventuras, Pablito nos ense\u00f1a que el consumo moderado de chocolate puede ser parte de una dieta equilibrada y saludable.<\/p>\n\n\n\n<p>\u00bfPero qu\u00e9 hace a Pablito tan especial? Adem\u00e1s de ser adorable, Pablito es un cacao de origen org\u00e1nico, cultivado de manera sostenible y respetuosa con el medio ambiente. Nuestro querido embajador es una representaci\u00f3n de los valores que defendemos: calidad, responsabilidad y bienestar.<\/p>\n\n\n\n<p>Con Pablito a nuestro lado, queremos desmitificar la idea de que el chocolate es solo un placer culpable. El chocolate, en su forma adecuada, puede ser una fuente de nutrientes y beneficios para nuestra salud. Por supuesto, es importante elegir opciones de chocolate de calidad, con alto contenido de cacao y bajos niveles de az\u00facar y grasas saturadas.<\/p>\n<\/div>\n\n\n\n<div class=\"wp-block-column is-layout-flow wp-block-column-is-layout-flow\" style=\"flex-basis:33.33%\"><div class=\"wp-block-image\">\n<figure class=\"aligncenter size-full is-resized coblocks-animate has-lightbox\" data-coblocks-animation=\"clipHorizontal\"><img loading=\"lazy\" decoding=\"async\" width=\"505\" height=\"640\" src=\"https:\/\/www.chocofruts.co\/wp-content\/uploads\/2023\/09\/pablito.png\" alt=\"\" class=\"wp-image-1439\" style=\"aspect-ratio:0.7890625;width:249px;height:auto\" srcset=\"https:\/\/chocofruts.co\/wp-content\/uploads\/2023\/09\/pablito.png 505w, https:\/\/chocofruts.co\/wp-content\/uploads\/2023\/09\/pablito-300x380.png 300w, https:\/\/chocofruts.co\/wp-content\/uploads\/2023\/09\/pablito-237x300.png 237w, https:\/\/chocofruts.co\/wp-content\/uploads\/2023\/09\/pablito-9x12.png 9w\" sizes=\"auto, (max-width: 505px) 100vw, 505px\" \/><\/figure>\n<\/div><\/div>\n<\/div>\n\n\n\n<p>Adem\u00e1s de su papel como embajador del consumo saludable de chocolate, Pablito tambi\u00e9n nos ayuda a concientizar sobre la importancia de apoyar a los productores de cacao y promover pr\u00e1cticas sostenibles en la industria del chocolate. A trav\u00e9s de iniciativas y proyectos sociales, trabajamos para asegurar un comercio justo y mejorar las condiciones de vida de los agricultores de cacao.<\/p>\n\n\n\n<p>Te invitamos a seguir las aventuras de Pablito en nuestras redes sociales y a unirte a nuestra comunidad de amantes del chocolate saludable. Juntos, podemos disfrutar de los placeres del chocolate de manera responsable y contribuir a un mundo m\u00e1s sostenible y equitativo.<\/p>\n","protected":false},"excerpt":{"rendered":"<p>En nuestro af\u00e1n por promover un estilo de vida saludable y equilibrado, hemos decidido adoptar a Pablito como nuestro representante en la misi\u00f3n de demostrar que el chocolate puede formar parte de una alimentaci\u00f3n balanceada. Pablito es un cacao en\u00e9rgico y divertido, con una personalidad \u00fanica que lo hace el compa\u00f1ero perfecto para disfrutar de los beneficios del chocolate. A trav\u00e9s de sus travesuras y aventuras, Pablito nos ense\u00f1a que el consumo moderado de chocolate puede ser parte de una &#8230; <a title=\"Pablito Pachoncito\" class=\"read-more\" href=\"https:\/\/chocofruts.co\/co\/pablito-pachocito\/\" aria-label=\"Read more about Pablito Pachoncito\">Read more<\/a><\/p>\n","protected":false},"author":1,"featured_media":0,"parent":0,"menu_order":0,"comment_status":"closed","ping_status":"closed","template":"","meta":{"_coblocks_attr":"","_coblocks_dimensions":"","_coblocks_responsive_height":"","_coblocks_accordion_ie_support":"","footnotes":""},"class_list":["post-2543","page","type-page","status-publish"],"aioseo_notices":[],"jetpack_sharing_enabled":true,"_links":{"self":[{"href":"https:\/\/chocofruts.co\/co\/wp-json\/wp\/v2\/pages\/2543","targetHints":{"allow":["GET"]}}],"collection":[{"href":"https:\/\/chocofruts.co\/co\/wp-json\/wp\/v2\/pages"}],"about":[{"href":"https:\/\/chocofruts.co\/co\/wp-json\/wp\/v2\/types\/page"}],"author":[{"embeddable":true,"href":"https:\/\/chocofruts.co\/co\/wp-json\/wp\/v2\/users\/1"}],"replies":[{"embeddable":true,"href":"https:\/\/chocofruts.co\/co\/wp-json\/wp\/v2\/comments?post=2543"}],"version-history":[{"count":0,"href":"https:\/\/chocofruts.co\/co\/wp-json\/wp\/v2\/pages\/2543\/revisions"}],"wp:attachment":[{"href":"https:\/\/chocofruts.co\/co\/wp-json\/wp\/v2\/media?parent=2543"}],"curies":[{"name":"wp","href":"https:\/\/api.w.org\/{rel}","templated":true}]}}