{"id":1254,"date":"2023-06-02T19:14:53","date_gmt":"2023-06-03T00:14:53","guid":{"rendered":"https:\/\/chocofruts.co\/?page_id=1254"},"modified":"2025-10-02T10:08:20","modified_gmt":"2025-10-02T15:08:20","slug":"detras-del-chocolate","status":"publish","type":"page","link":"https:\/\/chocofruts.co\/co\/detras-del-chocolate\/","title":{"rendered":"Nuestros planes"},"content":{"rendered":"\n<h2 class=\"wp-block-heading\">Descubre San Carlos: Experiencias Tur\u00edsticas y Naturaleza \u00danica<\/h2>\n\n\n\n<div class=\"wp-block-media-text is-stacked-on-mobile\"><figure class=\"wp-block-media-text__media\"><img loading=\"lazy\" decoding=\"async\" width=\"1024\" height=\"683\" src=\"https:\/\/chocofruts.co\/wp-content\/uploads\/2025\/04\/Cacao--1024x683.jpg\" alt=\"\" class=\"wp-image-3048 size-full\" srcset=\"https:\/\/chocofruts.co\/wp-content\/uploads\/2025\/04\/Cacao--1024x683.jpg 1024w, https:\/\/chocofruts.co\/wp-content\/uploads\/2025\/04\/Cacao--300x200.jpg 300w, https:\/\/chocofruts.co\/wp-content\/uploads\/2025\/04\/Cacao--768x512.jpg 768w, https:\/\/chocofruts.co\/wp-content\/uploads\/2025\/04\/Cacao--1536x1024.jpg 1536w, https:\/\/chocofruts.co\/wp-content\/uploads\/2025\/04\/Cacao--2048x1365.jpg 2048w, https:\/\/chocofruts.co\/wp-content\/uploads\/2025\/04\/Cacao--18x12.jpg 18w\" sizes=\"auto, (max-width: 1024px) 100vw, 1024px\" \/><\/figure><div class=\"wp-block-media-text__content\">\n<h2 class=\"wp-block-heading\">Descubre la Experiencia &#8220;Detr\u00e1s del Chocolate&#8221;: Un Viaje a la Magia del Cacao ArtesanalExperiencia &#8220;Detras del Chocolate&#8221;<\/h2>\n\n\n\n<p><strong>Descubre la Magia del Chocolate: De la Semilla a la Barra<\/strong> Vive una experiencia inolvidable explorando cada paso del fascinante proceso del chocolate, desde el grano de cacao hasta tu propia barra artesanal. Sum\u00e9rgete en una aventura sensorial llena de sabores aut\u00e9nticos y \u00fanicos de Colombia, una tierra rica en tradici\u00f3n cacaotera. Siente la conexi\u00f3n con la naturaleza, la cultura y la historia que dan vida al chocolate, y enam\u00f3rate de este proceso lleno de pasi\u00f3n y magia<\/p>\n\n\n\n<div class=\"wp-block-buttons is-layout-flex wp-block-buttons-is-layout-flex\">\n<div class=\"wp-block-button\"><a class=\"wp-block-button__link wp-element-button\" href=\"https:\/\/chocofruts.co\/descubre-la-experiencia-detras-del-chocolate-un-viaje-a-la-magia-del-cacao-artesanalexperiencia-detras-del-chocolate\/\">Saber m\u00e1s<\/a><\/div>\n<\/div>\n<\/div><\/div>\n\n\n\n<div class=\"wp-block-media-text has-media-on-the-right is-stacked-on-mobile\"><div class=\"wp-block-media-text__content\">\n<p class=\"has-large-font-size\"><strong>Viaje al Coraz\u00f3n del Chocolate: Descubre el proceso del chocolate artesanal desde la finca hasta tu paladar<\/strong><\/p>\n\n\n\n<p>Sum\u00e9rgete en una experiencia \u00fanica en una finca cacaotera de Antioquia. Aprende todo sobre el cacao: desde el cultivo sostenible hasta la elaboraci\u00f3n artesanal del chocolate. Degusta, crea y conecta con la tierra en este viaje sensorial y educativo. \u00a1Reserva tu cupo ahora!<\/p>\n\n\n\n<div class=\"wp-block-buttons is-layout-flex wp-block-buttons-is-layout-flex\">\n<div class=\"wp-block-button\"><a class=\"wp-block-button__link wp-element-button\" href=\"https:\/\/chocofruts.co\/viaje-al-corazon-del-chocolate-descubre-el-proceso-del-chocolate-artesanal-desde-la-finca-hasta-tu-paladar\/\">Saber m\u00e1s<\/a><\/div>\n<\/div>\n<\/div><figure class=\"wp-block-media-text__media\"><img loading=\"lazy\" decoding=\"async\" width=\"576\" height=\"1024\" src=\"https:\/\/chocofruts.co\/wp-content\/uploads\/2024\/09\/7-576x1024.png\" alt=\"\u00c1rbol de cacao\" class=\"wp-image-2779 size-full\" srcset=\"https:\/\/chocofruts.co\/wp-content\/uploads\/2024\/09\/7-576x1024.png 576w, https:\/\/chocofruts.co\/wp-content\/uploads\/2024\/09\/7-300x533.png 300w, https:\/\/chocofruts.co\/wp-content\/uploads\/2024\/09\/7-169x300.png 169w, https:\/\/chocofruts.co\/wp-content\/uploads\/2024\/09\/7-768x1365.png 768w, https:\/\/chocofruts.co\/wp-content\/uploads\/2024\/09\/7-864x1536.png 864w, https:\/\/chocofruts.co\/wp-content\/uploads\/2024\/09\/7-7x12.png 7w, https:\/\/chocofruts.co\/wp-content\/uploads\/2024\/09\/7.png 1080w\" sizes=\"auto, (max-width: 576px) 100vw, 576px\" \/><\/figure><\/div>\n\n\n\n<div class=\"wp-block-media-text is-stacked-on-mobile\"><figure class=\"wp-block-media-text__media\"><img loading=\"lazy\" decoding=\"async\" width=\"1024\" height=\"1024\" src=\"https:\/\/chocofruts.co\/wp-content\/uploads\/2024\/07\/3_20240726_214016_0002.png\" alt=\"\" class=\"wp-image-2703 size-full\" srcset=\"https:\/\/chocofruts.co\/wp-content\/uploads\/2024\/07\/3_20240726_214016_0002.png 1024w, https:\/\/chocofruts.co\/wp-content\/uploads\/2024\/07\/3_20240726_214016_0002-150x150.png 150w, https:\/\/chocofruts.co\/wp-content\/uploads\/2024\/07\/3_20240726_214016_0002-100x100.png 100w, https:\/\/chocofruts.co\/wp-content\/uploads\/2024\/07\/3_20240726_214016_0002-300x300.png 300w, https:\/\/chocofruts.co\/wp-content\/uploads\/2024\/07\/3_20240726_214016_0002-768x768.png 768w, https:\/\/chocofruts.co\/wp-content\/uploads\/2024\/07\/3_20240726_214016_0002-12x12.png 12w\" sizes=\"auto, (max-width: 1024px) 100vw, 1024px\" \/><\/figure><div class=\"wp-block-media-text__content\">\n<p><strong>Chocolaterapia<\/strong><\/p>\n\n\n\n<p>Vive una experiencia \u00fanica interactuando con la naturaleza.&nbsp;Sum\u00e9rgete en un recorrido lleno de conocimiento y belleza, y enam\u00f3rate de nuestro territorio mientras descubres lugares \u00fanicos y m\u00e1gicos. Disfruta de una experiencia diferente con el chocolate, dise\u00f1ada especialmente para ti.<\/p>\n<\/div><\/div>\n\n\n\n<div class=\"wp-block-columns is-layout-flex wp-container-core-columns-is-layout-9d6595d7 wp-block-columns-is-layout-flex\">\n<div class=\"wp-block-column is-layout-flow wp-block-column-is-layout-flow\" style=\"flex-basis:100%\">\n<div class=\"wp-block-coblocks-gallery-stacked is-style-rectangular\"><ul class=\"is-style-rectangular coblocks-gallery has-no-alignment has-fullwidth-images has-medium-gutter\"><li class=\"coblocks-gallery--item\"><figure class=\"coblocks-gallery--figure\"><img loading=\"lazy\" decoding=\"async\" width=\"1024\" height=\"1024\" alt=\"Image gallery image\" class=\"wp-image-2704 has-shadow-none\" data-id=\"2704\" src=\"https:\/\/chocofruts.co\/wp-content\/uploads\/2024\/07\/politicas-de-ingreso_20240726_214016_0001.png\" srcset=\"https:\/\/chocofruts.co\/wp-content\/uploads\/2024\/07\/politicas-de-ingreso_20240726_214016_0001.png 1024w, https:\/\/chocofruts.co\/wp-content\/uploads\/2024\/07\/politicas-de-ingreso_20240726_214016_0001-150x150.png 150w, https:\/\/chocofruts.co\/wp-content\/uploads\/2024\/07\/politicas-de-ingreso_20240726_214016_0001-100x100.png 100w, https:\/\/chocofruts.co\/wp-content\/uploads\/2024\/07\/politicas-de-ingreso_20240726_214016_0001-300x300.png 300w, https:\/\/chocofruts.co\/wp-content\/uploads\/2024\/07\/politicas-de-ingreso_20240726_214016_0001-768x768.png 768w, https:\/\/chocofruts.co\/wp-content\/uploads\/2024\/07\/politicas-de-ingreso_20240726_214016_0001-12x12.png 12w\" sizes=\"auto, (max-width: 1024px) 100vw, 1024px\" \/><\/figure><\/li><\/ul><\/div>\n<\/div>\n<\/div>\n\n\n\t\t<div\n            id=\"wpmapblock_481e09da\"\n            data-settings='{&quot;map_marker&quot;:[{&quot;lat&quot;:&quot;6.1873777&quot;,&quot;lng&quot;:&quot;-74.9958933&quot;,&quot;title&quot;:&quot;Chocofruts S.A.S&quot;,&quot;content&quot;:&quot;Excelente tienda de chocolates&quot;,&quot;iconType&quot;:&quot;default&quot;,&quot;customIconUrl&quot;:&quot;&quot;,&quot;customIconWidth&quot;:&quot;25&quot;,&quot;customIconHeight&quot;:&quot;40&quot;}],&quot;map_zoom&quot;:10,&quot;scroll_wheel_zoom&quot;:false,&quot;map_type&quot;:&quot;GM&quot;,&quot;center_index&quot;:0}'\n            class=\"wpmapblockrender\"\n            style=\"\n\t\t\twidth: 100%;\n\t\t\theight: 500px;\n\t\t\"\n            >\n        <\/div>\n        ","protected":false},"excerpt":{"rendered":"<p>Descubre San Carlos: Experiencias Tur\u00edsticas y Naturaleza \u00danica Chocolaterapia Vive una experiencia \u00fanica interactuando con la naturaleza.&nbsp;Sum\u00e9rgete en un recorrido lleno de conocimiento y belleza, y enam\u00f3rate de nuestro territorio mientras descubres lugares \u00fanicos y m\u00e1gicos. Disfruta de una experiencia diferente con el chocolate, dise\u00f1ada especialmente para ti.<\/p>\n","protected":false},"author":3,"featured_media":0,"parent":0,"menu_order":0,"comment_status":"closed","ping_status":"closed","template":"","meta":{"_coblocks_attr":"","_coblocks_dimensions":"","_coblocks_responsive_height":"","_coblocks_accordion_ie_support":"","footnotes":""},"class_list":["post-1254","page","type-page","status-publish"],"aioseo_notices":[],"jetpack_sharing_enabled":true,"_links":{"self":[{"href":"https:\/\/chocofruts.co\/co\/wp-json\/wp\/v2\/pages\/1254","targetHints":{"allow":["GET"]}}],"collection":[{"href":"https:\/\/chocofruts.co\/co\/wp-json\/wp\/v2\/pages"}],"about":[{"href":"https:\/\/chocofruts.co\/co\/wp-json\/wp\/v2\/types\/page"}],"author":[{"embeddable":true,"href":"https:\/\/chocofruts.co\/co\/wp-json\/wp\/v2\/users\/3"}],"replies":[{"embeddable":true,"href":"https:\/\/chocofruts.co\/co\/wp-json\/wp\/v2\/comments?post=1254"}],"version-history":[{"count":0,"href":"https:\/\/chocofruts.co\/co\/wp-json\/wp\/v2\/pages\/1254\/revisions"}],"wp:attachment":[{"href":"https:\/\/chocofruts.co\/co\/wp-json\/wp\/v2\/media?parent=1254"}],"curies":[{"name":"wp","href":"https:\/\/api.w.org\/{rel}","templated":true}]}}